{"id":7,"date":"2022-09-22T20:17:50","date_gmt":"2022-09-22T18:17:50","guid":{"rendered":"https:\/\/ecosourcing24.com\/zertifizierungen\/?page_id=7"},"modified":"2022-09-30T20:25:08","modified_gmt":"2022-09-30T18:25:08","slug":"zertifizierungen","status":"publish","type":"page","link":"https:\/\/ecosourcing24.com\/zertifizierungen\/zertifizierungen\/","title":{"rendered":"Produktzertifizierungen"},"content":{"rendered":"\n<p>Die Nachhaltigkeit ist ein andauernder Prozess, es entstehen immer mehr Siegel und Zertifikate f\u00fcr nachhaltige Produkte. Da die Nachhaltigkeit auf den drei S\u00e4ulen \u00d6kologie, \u00d6konomie und Soziales beruht, gibt es verschiedene Ans\u00e4tze f\u00fcr Zertifikate bzw. Siegel.<\/p>\n\n\n\n<p>Die Mehrheit der Siegel decken nur Teilaspekte der Nachhaltigkeit ab, wie beispielsweise die sozial verbesserte Herstellung oder auch das Tierwohl. Im Folgenden werden einige Zertifikate erl\u00e4utert:<\/p>\n\n\n<ul class=\"wp-block-latest-posts__list alignleft wp-block-latest-posts\"><li><a class=\"wp-block-latest-posts__post-title\" href=\"https:\/\/ecosourcing24.com\/zertifizierungen\/gruener-knopf\/\">Gr\u00fcner Knopf<\/a><div class=\"wp-block-latest-posts__post-excerpt\">Gr\u00fcner Knopf: dieses Siegel wurde 2019 in Deutschland eingef\u00fchrt. Es handelt sich ein anerkanntes Nachhaltigkeitssiegel f\u00fcr die Herstellung von ..<div class=\"clear-fix\"><\/div><a href=\"https:\/\/ecosourcing24.com\/zertifizierungen\/gruener-knopf\/\" title=\"read more...\">Read more<\/a><\/div><\/li>\n<li><a class=\"wp-block-latest-posts__post-title\" href=\"https:\/\/ecosourcing24.com\/zertifizierungen\/blauer-engel\/\">Blauer Engel<\/a><div class=\"wp-block-latest-posts__post-excerpt\">Blauer Engel: dieses ist mit das bekannteste deutsche Umweltzeichen, es wird seit 1978 durch eine unabh\u00e4ngige Jury vergeben. Im Zentrum der Bewertung stehen eine umweltschonende Herstellung des Produktes und auch dessen Umweltvertr\u00e4glichkeit. Die genauen Kriterien finden sich auf die..<div class=\"clear-fix\"><\/div><a href=\"https:\/\/ecosourcing24.com\/zertifizierungen\/blauer-engel\/\" title=\"read more...\">Read more<\/a><\/div><\/li>\n<li><a class=\"wp-block-latest-posts__post-title\" href=\"https:\/\/ecosourcing24.com\/zertifizierungen\/forest-stewardship-council-fsc\/\">Forest Stewardship Council (FSC)<\/a><div class=\"wp-block-latest-posts__post-excerpt\">FSC: dieses Siegel ist ein Standard f\u00fcr Holzprodukte, es steht f\u00fcr \u201cForest Stewardship Council\u201d. Dieses Zertifikat kennzeichnet Produkte, die Holz aus einer nachhaltigen Waldwirtschaft beinhalten. Die Siegel finden sich auf M\u00f6beln, Kartons, Papier und Holz..<div class=\"clear-fix\"><\/div><a href=\"https:\/\/ecosourcing24.com\/zertifizierungen\/forest-stewardship-council-fsc\/\" title=\"read more...\">Read more<\/a><\/div><\/li>\n<\/ul>","protected":false},"excerpt":{"rendered":"<p>Die Nachhaltigkeit ist ein andauernder Prozess, es entstehen immer mehr Siegel und Zertifikate f\u00fcr nachhaltige Produkte. Da die Nachhaltigkeit auf den drei S\u00e4ulen \u00d6kologie, \u00d6konomie und Soziales beruht, gibt es verschiedene Ans\u00e4tze f\u00fcr Zertifikate bzw. Siegel. Die Mehrheit der Siegel decken nur Teilaspekte der Nachhaltigkeit ab, wie beispielsweise die sozial verbesserte Herstellung ode..<\/p>\n<div class=\"clear-fix\"><\/div>\n<p><a href=\"https:\/\/ecosourcing24.com\/zertifizierungen\/zertifizierungen\/\" title=\"read more...\">Read more<\/a><\/p>\n<p><a href=\"https:\/\/ecosourcing24.com\/zertifizierungen\/zertifizierungen\/\">Mehr lesen<\/a><\/p>","protected":false},"author":1,"featured_media":0,"parent":0,"menu_order":0,"comment_status":"closed","ping_status":"closed","template":"","meta":{"footnotes":""},"class_list":["post-7","page","type-page","status-publish","hentry"],"yoast_head":"<!-- This site is optimized with the Yoast SEO plugin v19.7.1 - https:\/\/yoast.com\/wordpress\/plugins\/seo\/ -->\n<title>Produktzertifizierungen<\/title>\n<meta name=\"description\" content=\"Die Nachhaltigkeit ist ein andauernder Prozess, es entstehen immer mehr Siegel und Zertifikate f\u00fcr nachhaltige Produkte...\" \/>\n<meta name=\"robots\" content=\"index, follow, max-snippet:-1, max-image-preview:large, max-video-preview:-1\" \/>\n<link rel=\"canonical\" href=\"https:\/\/ecosourcing24.com\/zertifizierungen\/zertifizierungen\/\" \/>\n<meta property=\"og:locale\" content=\"de_DE\" \/>\n<meta property=\"og:type\" content=\"article\" \/>\n<meta property=\"og:title\" content=\"Produktzertifizierungen\" \/>\n<meta property=\"og:description\" content=\"Die Nachhaltigkeit ist ein andauernder Prozess, es entstehen immer mehr Siegel und Zertifikate f\u00fcr nachhaltige Produkte...\" \/>\n<meta property=\"og:url\" content=\"https:\/\/ecosourcing24.com\/zertifizierungen\/zertifizierungen\/\" \/>\n<meta property=\"og:site_name\" content=\"ECOSOURCING24 ZERTIFIZIERUNGEN\" \/>\n<meta property=\"article:publisher\" content=\"https:\/\/www.facebook.com\/HalloNachhaltigkeitde-Nachhaltige-Hersteller-111083121247062\" \/>\n<meta property=\"article:modified_time\" content=\"2022-09-30T18:25:08+00:00\" \/>\n<meta name=\"twitter:card\" content=\"summary_large_image\" \/>\n<meta name=\"twitter:label1\" content=\"Gesch\u00e4tzte Lesezeit\" \/>\n\t<meta name=\"twitter:data1\" content=\"1\u00a0Minute\" \/>\n<script type=\"application\/ld+json\" class=\"yoast-schema-graph\">{\"@context\":\"https:\/\/schema.org\",\"@graph\":[{\"@type\":\"WebPage\",\"@id\":\"https:\/\/ecosourcing24.com\/zertifizierungen\/zertifizierungen\/\",\"url\":\"https:\/\/ecosourcing24.com\/zertifizierungen\/zertifizierungen\/\",\"name\":\"Produktzertifizierungen\",\"isPartOf\":{\"@id\":\"https:\/\/ecosourcing24.com\/zertifizierungen\/#website\"},\"datePublished\":\"2022-09-22T18:17:50+00:00\",\"dateModified\":\"2022-09-30T18:25:08+00:00\",\"description\":\"Die Nachhaltigkeit ist ein andauernder Prozess, es entstehen immer mehr Siegel und Zertifikate f\u00fcr nachhaltige Produkte...\",\"breadcrumb\":{\"@id\":\"https:\/\/ecosourcing24.com\/zertifizierungen\/zertifizierungen\/#breadcrumb\"},\"inLanguage\":\"de\",\"potentialAction\":[{\"@type\":\"ReadAction\",\"target\":[\"https:\/\/ecosourcing24.com\/zertifizierungen\/zertifizierungen\/\"]}]},{\"@type\":\"BreadcrumbList\",\"@id\":\"https:\/\/ecosourcing24.com\/zertifizierungen\/zertifizierungen\/#breadcrumb\",\"itemListElement\":[{\"@type\":\"ListItem\",\"position\":1,\"name\":\"Startseite\",\"item\":\"https:\/\/ecosourcing24.com\/zertifizierungen\/\"},{\"@type\":\"ListItem\",\"position\":2,\"name\":\"Produktzertifizierungen\"}]},{\"@type\":\"WebSite\",\"@id\":\"https:\/\/ecosourcing24.com\/zertifizierungen\/#website\",\"url\":\"https:\/\/ecosourcing24.com\/zertifizierungen\/\",\"name\":\"ECOSOURCING24 ZERTIFIZIERUNGEN\",\"description\":\"Produktzertifikate, Managementzertifikate, Standards f\u00fcr die Berichterstattung\",\"potentialAction\":[{\"@type\":\"SearchAction\",\"target\":{\"@type\":\"EntryPoint\",\"urlTemplate\":\"https:\/\/ecosourcing24.com\/zertifizierungen\/?s={search_term_string}\"},\"query-input\":\"required name=search_term_string\"}],\"inLanguage\":\"de\"}]}<\/script>\n<!-- \/ Yoast SEO plugin. -->","yoast_head_json":{"title":"Produktzertifizierungen","description":"Die Nachhaltigkeit ist ein andauernder Prozess, es entstehen immer mehr Siegel und Zertifikate f\u00fcr nachhaltige Produkte...","robots":{"index":"index","follow":"follow","max-snippet":"max-snippet:-1","max-image-preview":"max-image-preview:large","max-video-preview":"max-video-preview:-1"},"canonical":"https:\/\/ecosourcing24.com\/zertifizierungen\/zertifizierungen\/","og_locale":"de_DE","og_type":"article","og_title":"Produktzertifizierungen","og_description":"Die Nachhaltigkeit ist ein andauernder Prozess, es entstehen immer mehr Siegel und Zertifikate f\u00fcr nachhaltige Produkte...","og_url":"https:\/\/ecosourcing24.com\/zertifizierungen\/zertifizierungen\/","og_site_name":"ECOSOURCING24 ZERTIFIZIERUNGEN","article_publisher":"https:\/\/www.facebook.com\/HalloNachhaltigkeitde-Nachhaltige-Hersteller-111083121247062","article_modified_time":"2022-09-30T18:25:08+00:00","twitter_card":"summary_large_image","twitter_misc":{"Gesch\u00e4tzte Lesezeit":"1\u00a0Minute"},"schema":{"@context":"https:\/\/schema.org","@graph":[{"@type":"WebPage","@id":"https:\/\/ecosourcing24.com\/zertifizierungen\/zertifizierungen\/","url":"https:\/\/ecosourcing24.com\/zertifizierungen\/zertifizierungen\/","name":"Produktzertifizierungen","isPartOf":{"@id":"https:\/\/ecosourcing24.com\/zertifizierungen\/#website"},"datePublished":"2022-09-22T18:17:50+00:00","dateModified":"2022-09-30T18:25:08+00:00","description":"Die Nachhaltigkeit ist ein andauernder Prozess, es entstehen immer mehr Siegel und Zertifikate f\u00fcr nachhaltige Produkte...","breadcrumb":{"@id":"https:\/\/ecosourcing24.com\/zertifizierungen\/zertifizierungen\/#breadcrumb"},"inLanguage":"de","potentialAction":[{"@type":"ReadAction","target":["https:\/\/ecosourcing24.com\/zertifizierungen\/zertifizierungen\/"]}]},{"@type":"BreadcrumbList","@id":"https:\/\/ecosourcing24.com\/zertifizierungen\/zertifizierungen\/#breadcrumb","itemListElement":[{"@type":"ListItem","position":1,"name":"Startseite","item":"https:\/\/ecosourcing24.com\/zertifizierungen\/"},{"@type":"ListItem","position":2,"name":"Produktzertifizierungen"}]},{"@type":"WebSite","@id":"https:\/\/ecosourcing24.com\/zertifizierungen\/#website","url":"https:\/\/ecosourcing24.com\/zertifizierungen\/","name":"ECOSOURCING24 ZERTIFIZIERUNGEN","description":"Produktzertifikate, Managementzertifikate, Standards f\u00fcr die Berichterstattung","potentialAction":[{"@type":"SearchAction","target":{"@type":"EntryPoint","urlTemplate":"https:\/\/ecosourcing24.com\/zertifizierungen\/?s={search_term_string}"},"query-input":"required name=search_term_string"}],"inLanguage":"de"}]}},"_links":{"self":[{"href":"https:\/\/ecosourcing24.com\/zertifizierungen\/wp-json\/wp\/v2\/pages\/7","targetHints":{"allow":["GET"]}}],"collection":[{"href":"https:\/\/ecosourcing24.com\/zertifizierungen\/wp-json\/wp\/v2\/pages"}],"about":[{"href":"https:\/\/ecosourcing24.com\/zertifizierungen\/wp-json\/wp\/v2\/types\/page"}],"author":[{"embeddable":true,"href":"https:\/\/ecosourcing24.com\/zertifizierungen\/wp-json\/wp\/v2\/users\/1"}],"replies":[{"embeddable":true,"href":"https:\/\/ecosourcing24.com\/zertifizierungen\/wp-json\/wp\/v2\/comments?post=7"}],"version-history":[{"count":4,"href":"https:\/\/ecosourcing24.com\/zertifizierungen\/wp-json\/wp\/v2\/pages\/7\/revisions"}],"predecessor-version":[{"id":50,"href":"https:\/\/ecosourcing24.com\/zertifizierungen\/wp-json\/wp\/v2\/pages\/7\/revisions\/50"}],"wp:attachment":[{"href":"https:\/\/ecosourcing24.com\/zertifizierungen\/wp-json\/wp\/v2\/media?parent=7"}],"curies":[{"name":"wp","href":"https:\/\/api.w.org\/{rel}","templated":true}]}}