{"id":28,"date":"2022-09-27T11:46:12","date_gmt":"2022-09-27T09:46:12","guid":{"rendered":"https:\/\/ecosourcing24.com\/zertifizierungen\/?page_id=28"},"modified":"2022-09-30T20:59:29","modified_gmt":"2022-09-30T18:59:29","slug":"zertifikate-fuer-managementsysteme","status":"publish","type":"page","link":"https:\/\/ecosourcing24.com\/zertifizierungen\/zertifikate-fuer-managementsysteme\/","title":{"rendered":"Zertifikate f\u00fcr Managementsysteme"},"content":{"rendered":"\n<p>Die Nachhaltigkeit fu\u00dft auf drei S\u00e4ulen und umfasst aus diesem Grund ein weites Feld. Aus diesem Grund sind geltende Standards ein sehr hilfreicher Ansatz f\u00fcr die Einordnung.<\/p>\n\n\n\n<p>Das gesunde Wirtschaften und auch ein gesunder Umgang mit den vorhandenen Ressourcen sind immens wichtig geworden, aus diesem Grund ist auch die Zertifizierung der Nachhaltigkeit von Unternehmen ein zentraler Aspekt. Ein \u201cgesundes\u201d, nachhaltiges Umweltmanagement f\u00fchrt zu einer h\u00f6heren Motivation bei Mitarbeitern und zu einen besseren Standing des Unternehmens.<\/p>\n\n\n<ul class=\"wp-block-latest-posts__list wp-block-latest-posts\"><li><a class=\"wp-block-latest-posts__post-title\" href=\"https:\/\/ecosourcing24.com\/zertifizierungen\/iso-14001\/\">ISO 14001<\/a><div class=\"wp-block-latest-posts__post-excerpt\">Eine weltweit anerkannte Zertifizierung ist beispielsweise ISO 14001. Die wesentlichen Ziele sind eine Forderung des Umweltschutzes, eine Eingrenzung bzw. Reduzierung der Auswirkungen auf die Umwelt und auch eine Umsetzung der Umweltziele. Ein sehr renommierter Zertifizierer ist ..<div class=\"clear-fix\"><\/div><a href=\"https:\/\/ecosourcing24.com\/zertifizierungen\/iso-14001\/\" title=\"read more...\">Read more<\/a><\/div><\/li>\n<\/ul>","protected":false},"excerpt":{"rendered":"<p>Die Nachhaltigkeit fu\u00dft auf drei S\u00e4ulen und umfasst aus diesem Grund ein weites Feld. Aus diesem Grund sind geltende Standards ein sehr hilfreicher Ansatz f\u00fcr die Einordnung. Das gesunde Wirtschaften und auch ein gesunder Umgang mit den vorhandenen Ressourcen sind immens wichtig geworden, aus diesem Grund ist auch die Zertifizierung der Nachhaltigkeit von Unter..<\/p>\n<div class=\"clear-fix\"><\/div>\n<p><a href=\"https:\/\/ecosourcing24.com\/zertifizierungen\/zertifikate-fuer-managementsysteme\/\" title=\"read more...\">Read more<\/a><\/p>\n<p><a href=\"https:\/\/ecosourcing24.com\/zertifizierungen\/zertifikate-fuer-managementsysteme\/\">Mehr lesen<\/a><\/p>","protected":false},"author":1,"featured_media":0,"parent":0,"menu_order":0,"comment_status":"closed","ping_status":"closed","template":"","meta":{"footnotes":""},"class_list":["post-28","page","type-page","status-publish","hentry"],"yoast_head":"<!-- This site is optimized with the Yoast SEO plugin v19.7.1 - https:\/\/yoast.com\/wordpress\/plugins\/seo\/ -->\n<title>Zertifikate f\u00fcr Managementsysteme - ECOSOURCING24 ZERTIFIZIERUNGEN<\/title>\n<meta name=\"description\" content=\"Die Nachhaltigkeit fu\u00dft auf drei S\u00e4ulen und umfasst aus diesem Grund ein weites Feld. Aus diesem Grund sind geltende Standards ein sehr hilfreicher Ansatz f\u00fcr die Einordnung.\" \/>\n<meta name=\"robots\" content=\"index, follow, max-snippet:-1, max-image-preview:large, max-video-preview:-1\" \/>\n<link rel=\"canonical\" href=\"https:\/\/ecosourcing24.com\/zertifizierungen\/zertifikate-fuer-managementsysteme\/\" \/>\n<meta property=\"og:locale\" content=\"de_DE\" \/>\n<meta property=\"og:type\" content=\"article\" \/>\n<meta property=\"og:title\" content=\"Zertifikate f\u00fcr Managementsysteme - ECOSOURCING24 ZERTIFIZIERUNGEN\" \/>\n<meta property=\"og:description\" content=\"Die Nachhaltigkeit fu\u00dft auf drei S\u00e4ulen und umfasst aus diesem Grund ein weites Feld. Aus diesem Grund sind geltende Standards ein sehr hilfreicher Ansatz f\u00fcr die Einordnung.\" \/>\n<meta property=\"og:url\" content=\"https:\/\/ecosourcing24.com\/zertifizierungen\/zertifikate-fuer-managementsysteme\/\" \/>\n<meta property=\"og:site_name\" content=\"ECOSOURCING24 ZERTIFIZIERUNGEN\" \/>\n<meta property=\"article:publisher\" content=\"https:\/\/www.facebook.com\/HalloNachhaltigkeitde-Nachhaltige-Hersteller-111083121247062\" \/>\n<meta property=\"article:modified_time\" content=\"2022-09-30T18:59:29+00:00\" \/>\n<meta name=\"twitter:card\" content=\"summary_large_image\" \/>\n<meta name=\"twitter:label1\" content=\"Gesch\u00e4tzte Lesezeit\" \/>\n\t<meta name=\"twitter:data1\" content=\"1\u00a0Minute\" \/>\n<script type=\"application\/ld+json\" class=\"yoast-schema-graph\">{\"@context\":\"https:\/\/schema.org\",\"@graph\":[{\"@type\":\"WebPage\",\"@id\":\"https:\/\/ecosourcing24.com\/zertifizierungen\/zertifikate-fuer-managementsysteme\/\",\"url\":\"https:\/\/ecosourcing24.com\/zertifizierungen\/zertifikate-fuer-managementsysteme\/\",\"name\":\"Zertifikate f\u00fcr Managementsysteme - ECOSOURCING24 ZERTIFIZIERUNGEN\",\"isPartOf\":{\"@id\":\"https:\/\/ecosourcing24.com\/zertifizierungen\/#website\"},\"datePublished\":\"2022-09-27T09:46:12+00:00\",\"dateModified\":\"2022-09-30T18:59:29+00:00\",\"description\":\"Die Nachhaltigkeit fu\u00dft auf drei S\u00e4ulen und umfasst aus diesem Grund ein weites Feld. Aus diesem Grund sind geltende Standards ein sehr hilfreicher Ansatz f\u00fcr die Einordnung.\",\"breadcrumb\":{\"@id\":\"https:\/\/ecosourcing24.com\/zertifizierungen\/zertifikate-fuer-managementsysteme\/#breadcrumb\"},\"inLanguage\":\"de\",\"potentialAction\":[{\"@type\":\"ReadAction\",\"target\":[\"https:\/\/ecosourcing24.com\/zertifizierungen\/zertifikate-fuer-managementsysteme\/\"]}]},{\"@type\":\"BreadcrumbList\",\"@id\":\"https:\/\/ecosourcing24.com\/zertifizierungen\/zertifikate-fuer-managementsysteme\/#breadcrumb\",\"itemListElement\":[{\"@type\":\"ListItem\",\"position\":1,\"name\":\"Startseite\",\"item\":\"https:\/\/ecosourcing24.com\/zertifizierungen\/\"},{\"@type\":\"ListItem\",\"position\":2,\"name\":\"Zertifikate f\u00fcr Managementsysteme\"}]},{\"@type\":\"WebSite\",\"@id\":\"https:\/\/ecosourcing24.com\/zertifizierungen\/#website\",\"url\":\"https:\/\/ecosourcing24.com\/zertifizierungen\/\",\"name\":\"ECOSOURCING24 ZERTIFIZIERUNGEN\",\"description\":\"Produktzertifikate, Managementzertifikate, Standards f\u00fcr die Berichterstattung\",\"potentialAction\":[{\"@type\":\"SearchAction\",\"target\":{\"@type\":\"EntryPoint\",\"urlTemplate\":\"https:\/\/ecosourcing24.com\/zertifizierungen\/?s={search_term_string}\"},\"query-input\":\"required name=search_term_string\"}],\"inLanguage\":\"de\"}]}<\/script>\n<!-- \/ Yoast SEO plugin. -->","yoast_head_json":{"title":"Zertifikate f\u00fcr Managementsysteme - ECOSOURCING24 ZERTIFIZIERUNGEN","description":"Die Nachhaltigkeit fu\u00dft auf drei S\u00e4ulen und umfasst aus diesem Grund ein weites Feld. Aus diesem Grund sind geltende Standards ein sehr hilfreicher Ansatz f\u00fcr die Einordnung.","robots":{"index":"index","follow":"follow","max-snippet":"max-snippet:-1","max-image-preview":"max-image-preview:large","max-video-preview":"max-video-preview:-1"},"canonical":"https:\/\/ecosourcing24.com\/zertifizierungen\/zertifikate-fuer-managementsysteme\/","og_locale":"de_DE","og_type":"article","og_title":"Zertifikate f\u00fcr Managementsysteme - ECOSOURCING24 ZERTIFIZIERUNGEN","og_description":"Die Nachhaltigkeit fu\u00dft auf drei S\u00e4ulen und umfasst aus diesem Grund ein weites Feld. Aus diesem Grund sind geltende Standards ein sehr hilfreicher Ansatz f\u00fcr die Einordnung.","og_url":"https:\/\/ecosourcing24.com\/zertifizierungen\/zertifikate-fuer-managementsysteme\/","og_site_name":"ECOSOURCING24 ZERTIFIZIERUNGEN","article_publisher":"https:\/\/www.facebook.com\/HalloNachhaltigkeitde-Nachhaltige-Hersteller-111083121247062","article_modified_time":"2022-09-30T18:59:29+00:00","twitter_card":"summary_large_image","twitter_misc":{"Gesch\u00e4tzte Lesezeit":"1\u00a0Minute"},"schema":{"@context":"https:\/\/schema.org","@graph":[{"@type":"WebPage","@id":"https:\/\/ecosourcing24.com\/zertifizierungen\/zertifikate-fuer-managementsysteme\/","url":"https:\/\/ecosourcing24.com\/zertifizierungen\/zertifikate-fuer-managementsysteme\/","name":"Zertifikate f\u00fcr Managementsysteme - ECOSOURCING24 ZERTIFIZIERUNGEN","isPartOf":{"@id":"https:\/\/ecosourcing24.com\/zertifizierungen\/#website"},"datePublished":"2022-09-27T09:46:12+00:00","dateModified":"2022-09-30T18:59:29+00:00","description":"Die Nachhaltigkeit fu\u00dft auf drei S\u00e4ulen und umfasst aus diesem Grund ein weites Feld. Aus diesem Grund sind geltende Standards ein sehr hilfreicher Ansatz f\u00fcr die Einordnung.","breadcrumb":{"@id":"https:\/\/ecosourcing24.com\/zertifizierungen\/zertifikate-fuer-managementsysteme\/#breadcrumb"},"inLanguage":"de","potentialAction":[{"@type":"ReadAction","target":["https:\/\/ecosourcing24.com\/zertifizierungen\/zertifikate-fuer-managementsysteme\/"]}]},{"@type":"BreadcrumbList","@id":"https:\/\/ecosourcing24.com\/zertifizierungen\/zertifikate-fuer-managementsysteme\/#breadcrumb","itemListElement":[{"@type":"ListItem","position":1,"name":"Startseite","item":"https:\/\/ecosourcing24.com\/zertifizierungen\/"},{"@type":"ListItem","position":2,"name":"Zertifikate f\u00fcr Managementsysteme"}]},{"@type":"WebSite","@id":"https:\/\/ecosourcing24.com\/zertifizierungen\/#website","url":"https:\/\/ecosourcing24.com\/zertifizierungen\/","name":"ECOSOURCING24 ZERTIFIZIERUNGEN","description":"Produktzertifikate, Managementzertifikate, Standards f\u00fcr die Berichterstattung","potentialAction":[{"@type":"SearchAction","target":{"@type":"EntryPoint","urlTemplate":"https:\/\/ecosourcing24.com\/zertifizierungen\/?s={search_term_string}"},"query-input":"required name=search_term_string"}],"inLanguage":"de"}]}},"_links":{"self":[{"href":"https:\/\/ecosourcing24.com\/zertifizierungen\/wp-json\/wp\/v2\/pages\/28","targetHints":{"allow":["GET"]}}],"collection":[{"href":"https:\/\/ecosourcing24.com\/zertifizierungen\/wp-json\/wp\/v2\/pages"}],"about":[{"href":"https:\/\/ecosourcing24.com\/zertifizierungen\/wp-json\/wp\/v2\/types\/page"}],"author":[{"embeddable":true,"href":"https:\/\/ecosourcing24.com\/zertifizierungen\/wp-json\/wp\/v2\/users\/1"}],"replies":[{"embeddable":true,"href":"https:\/\/ecosourcing24.com\/zertifizierungen\/wp-json\/wp\/v2\/comments?post=28"}],"version-history":[{"count":1,"href":"https:\/\/ecosourcing24.com\/zertifizierungen\/wp-json\/wp\/v2\/pages\/28\/revisions"}],"predecessor-version":[{"id":29,"href":"https:\/\/ecosourcing24.com\/zertifizierungen\/wp-json\/wp\/v2\/pages\/28\/revisions\/29"}],"wp:attachment":[{"href":"https:\/\/ecosourcing24.com\/zertifizierungen\/wp-json\/wp\/v2\/media?parent=28"}],"curies":[{"name":"wp","href":"https:\/\/api.w.org\/{rel}","templated":true}]}}