{"id":71,"date":"2022-11-19T11:25:07","date_gmt":"2022-11-19T10:25:07","guid":{"rendered":"https:\/\/ecosourcing24.com\/blog\/?page_id=71"},"modified":"2022-11-19T11:26:50","modified_gmt":"2022-11-19T10:26:50","slug":"grundbegriffe","status":"publish","type":"page","link":"https:\/\/ecosourcing24.com\/blog\/grundbegriffe\/","title":{"rendered":"Grundbegriffe"},"content":{"rendered":"\n<p>Nachhaltigkeit ist ein wichtiges Konzept, das in den letzten Jahren immer mehr an Bedeutung gewonnen hat. In seiner grundlegendsten Definition bezieht sich Nachhaltigkeit auf die F\u00e4higkeit eines Systems oder einer T\u00e4tigkeit, im Laufe der Zeit aufrecht erhalten zu werden, ohne die Umwelt oder die verf\u00fcgbaren Ressourcen zu beeintr\u00e4chtigen<\/p>\n\n\n<ul class=\"wp-block-latest-posts__list wp-block-latest-posts\"><li><div class=\"wp-block-latest-posts__featured-image\"><img width=\"150\" height=\"150\" src=\"https:\/\/ecosourcing24.com\/blog\/wp-content\/uploads\/2022\/11\/Nachhaltigkeitsziele-UN-150x150.png\" class=\"attachment-thumbnail size-thumbnail wp-post-image\" alt=\"\" decoding=\"async\" loading=\"lazy\" style=\"\" srcset=\"https:\/\/ecosourcing24.com\/blog\/wp-content\/uploads\/2022\/11\/Nachhaltigkeitsziele-UN-150x150.png 150w, https:\/\/ecosourcing24.com\/blog\/wp-content\/uploads\/2022\/11\/Nachhaltigkeitsziele-UN-300x300.png 300w, https:\/\/ecosourcing24.com\/blog\/wp-content\/uploads\/2022\/11\/Nachhaltigkeitsziele-UN-1024x1024.png 1024w, https:\/\/ecosourcing24.com\/blog\/wp-content\/uploads\/2022\/11\/Nachhaltigkeitsziele-UN-768x768.png 768w, https:\/\/ecosourcing24.com\/blog\/wp-content\/uploads\/2022\/11\/Nachhaltigkeitsziele-UN.png 1080w\" sizes=\"(max-width: 150px) 100vw, 150px\" \/><\/div><a class=\"wp-block-latest-posts__post-title\" href=\"https:\/\/ecosourcing24.com\/blog\/17-nachhaltigkeitsziele-der-un\/\">17 Nachhaltigkeitsziele der UN<\/a><div class=\"wp-block-latest-posts__post-excerpt\">Die Vereinten Nationen haben 2015 die 17 Ziele f\u00fcr nachhaltige Entwicklung (Sustainable Development Goals, SDGs) als ehrgeizigen Plan zur Verbesserung der globalen Nachhaltigkeit eingef\u00fchrt. Ihr Ziel ist es, bis 2030 eine bessere und nachhaltigere Zukunft f\u00fcr alle zu erreichen. Jedes der SDGs definiert spezifische Ziele, anhand derer L\u00e4nder, Unternehmen und Einzelpersonen ihre Fortschritte auf dem [&hellip;]<\/div><\/li>\n<li><div class=\"wp-block-latest-posts__featured-image\"><img width=\"150\" height=\"150\" src=\"https:\/\/ecosourcing24.com\/blog\/wp-content\/uploads\/2022\/11\/drei-Saeulen-der-Nachhaltigkeit-150x150.png\" class=\"attachment-thumbnail size-thumbnail wp-post-image\" alt=\"\" decoding=\"async\" loading=\"lazy\" style=\"\" srcset=\"https:\/\/ecosourcing24.com\/blog\/wp-content\/uploads\/2022\/11\/drei-Saeulen-der-Nachhaltigkeit-150x150.png 150w, https:\/\/ecosourcing24.com\/blog\/wp-content\/uploads\/2022\/11\/drei-Saeulen-der-Nachhaltigkeit-300x300.png 300w, https:\/\/ecosourcing24.com\/blog\/wp-content\/uploads\/2022\/11\/drei-Saeulen-der-Nachhaltigkeit-1024x1024.png 1024w, https:\/\/ecosourcing24.com\/blog\/wp-content\/uploads\/2022\/11\/drei-Saeulen-der-Nachhaltigkeit-768x768.png 768w, https:\/\/ecosourcing24.com\/blog\/wp-content\/uploads\/2022\/11\/drei-Saeulen-der-Nachhaltigkeit.png 1080w\" sizes=\"(max-width: 150px) 100vw, 150px\" \/><\/div><a class=\"wp-block-latest-posts__post-title\" href=\"https:\/\/ecosourcing24.com\/blog\/3-saeulen-der-nachhaltigkeit\/\">3 S\u00e4ulen der Nachhaltigkeit<\/a><div class=\"wp-block-latest-posts__post-excerpt\">Bei der Gestaltung einer nachhaltigen Zukunft m\u00fcssen drei Hauptpfeiler ber\u00fccksichtigt werden: soziale Gerechtigkeit, wirtschaftliche Tragf\u00e4higkeit und Umweltschutz Soziale Gerechtigkeit bedeutet, dass jeder die gleichen Chancen auf Erfolg in der Gesellschaft hat. Dazu geh\u00f6rt, dass die Menschen Zugang zu Ressourcen wie Bildung, Gesundheitsversorgung, Wohnraum und anderen Dienstleistungen haben. Es bedeutet auch, sich mit Fragen der Armut, [&hellip;]<\/div><\/li>\n<\/ul>","protected":false},"excerpt":{"rendered":"<p>Nachhaltigkeit ist ein wichtiges Konzept, das in den letzten Jahren immer mehr an Bedeutung gewonnen hat. In seiner grundlegendsten Definition bezieht sich Nachhaltigkeit auf die F\u00e4higkeit eines Systems oder einer T\u00e4tigkeit, im Laufe der Zeit aufrecht erhalten zu werden, ohne die Umwelt oder die verf\u00fcgbaren Ressourcen zu beeintr\u00e4chtigen<\/p>\n","protected":false},"author":1,"featured_media":0,"parent":0,"menu_order":0,"comment_status":"closed","ping_status":"closed","template":"","meta":[],"yoast_head":"<!-- This site is optimized with the Yoast SEO plugin v19.6.1 - https:\/\/yoast.com\/wordpress\/plugins\/seo\/ -->\n<title>Grundbegriffe - ECOSOURCING24 Blog<\/title>\n<meta name=\"robots\" content=\"index, follow, max-snippet:-1, max-image-preview:large, max-video-preview:-1\" \/>\n<link rel=\"canonical\" href=\"https:\/\/ecosourcing24.com\/blog\/grundbegriffe\/\" \/>\n<meta property=\"og:locale\" content=\"de_DE\" \/>\n<meta property=\"og:type\" content=\"article\" \/>\n<meta property=\"og:title\" content=\"Grundbegriffe - ECOSOURCING24 Blog\" \/>\n<meta property=\"og:description\" content=\"Nachhaltigkeit ist ein wichtiges Konzept, das in den letzten Jahren immer mehr an Bedeutung gewonnen hat. In seiner grundlegendsten Definition bezieht sich Nachhaltigkeit auf die F\u00e4higkeit eines Systems oder einer T\u00e4tigkeit, im Laufe der Zeit aufrecht erhalten zu werden, ohne die Umwelt oder die verf\u00fcgbaren Ressourcen zu beeintr\u00e4chtigen\" \/>\n<meta property=\"og:url\" content=\"https:\/\/ecosourcing24.com\/blog\/grundbegriffe\/\" \/>\n<meta property=\"og:site_name\" content=\"ECOSOURCING24 Blog\" \/>\n<meta property=\"article:publisher\" content=\"https:\/\/www.facebook.com\/HalloNachhaltigkeitde-Nachhaltige-Hersteller-111083121247062\" \/>\n<meta property=\"article:modified_time\" content=\"2022-11-19T10:26:50+00:00\" \/>\n<meta name=\"twitter:card\" content=\"summary_large_image\" \/>\n<meta name=\"twitter:label1\" content=\"Gesch\u00e4tzte Lesezeit\" \/>\n\t<meta name=\"twitter:data1\" content=\"1\u00a0Minute\" \/>\n<script type=\"application\/ld+json\" class=\"yoast-schema-graph\">{\"@context\":\"https:\/\/schema.org\",\"@graph\":[{\"@type\":\"WebPage\",\"@id\":\"https:\/\/ecosourcing24.com\/blog\/grundbegriffe\/\",\"url\":\"https:\/\/ecosourcing24.com\/blog\/grundbegriffe\/\",\"name\":\"Grundbegriffe - ECOSOURCING24 Blog\",\"isPartOf\":{\"@id\":\"https:\/\/ecosourcing24.com\/blog\/#website\"},\"datePublished\":\"2022-11-19T10:25:07+00:00\",\"dateModified\":\"2022-11-19T10:26:50+00:00\",\"breadcrumb\":{\"@id\":\"https:\/\/ecosourcing24.com\/blog\/grundbegriffe\/#breadcrumb\"},\"inLanguage\":\"de\",\"potentialAction\":[{\"@type\":\"ReadAction\",\"target\":[\"https:\/\/ecosourcing24.com\/blog\/grundbegriffe\/\"]}]},{\"@type\":\"BreadcrumbList\",\"@id\":\"https:\/\/ecosourcing24.com\/blog\/grundbegriffe\/#breadcrumb\",\"itemListElement\":[{\"@type\":\"ListItem\",\"position\":1,\"name\":\"Startseite\",\"item\":\"https:\/\/ecosourcing24.com\/blog\/\"},{\"@type\":\"ListItem\",\"position\":2,\"name\":\"Grundbegriffe\"}]},{\"@type\":\"WebSite\",\"@id\":\"https:\/\/ecosourcing24.com\/blog\/#website\",\"url\":\"https:\/\/ecosourcing24.com\/blog\/\",\"name\":\"ECOSOURCING24 Blog\",\"description\":\"Das nachhaltige Lieferantenverzeichnis\",\"potentialAction\":[{\"@type\":\"SearchAction\",\"target\":{\"@type\":\"EntryPoint\",\"urlTemplate\":\"https:\/\/ecosourcing24.com\/blog\/?s={search_term_string}\"},\"query-input\":\"required name=search_term_string\"}],\"inLanguage\":\"de\"}]}<\/script>\n<!-- \/ Yoast SEO plugin. -->","yoast_head_json":{"title":"Grundbegriffe - ECOSOURCING24 Blog","robots":{"index":"index","follow":"follow","max-snippet":"max-snippet:-1","max-image-preview":"max-image-preview:large","max-video-preview":"max-video-preview:-1"},"canonical":"https:\/\/ecosourcing24.com\/blog\/grundbegriffe\/","og_locale":"de_DE","og_type":"article","og_title":"Grundbegriffe - ECOSOURCING24 Blog","og_description":"Nachhaltigkeit ist ein wichtiges Konzept, das in den letzten Jahren immer mehr an Bedeutung gewonnen hat. In seiner grundlegendsten Definition bezieht sich Nachhaltigkeit auf die F\u00e4higkeit eines Systems oder einer T\u00e4tigkeit, im Laufe der Zeit aufrecht erhalten zu werden, ohne die Umwelt oder die verf\u00fcgbaren Ressourcen zu beeintr\u00e4chtigen","og_url":"https:\/\/ecosourcing24.com\/blog\/grundbegriffe\/","og_site_name":"ECOSOURCING24 Blog","article_publisher":"https:\/\/www.facebook.com\/HalloNachhaltigkeitde-Nachhaltige-Hersteller-111083121247062","article_modified_time":"2022-11-19T10:26:50+00:00","twitter_card":"summary_large_image","twitter_misc":{"Gesch\u00e4tzte Lesezeit":"1\u00a0Minute"},"schema":{"@context":"https:\/\/schema.org","@graph":[{"@type":"WebPage","@id":"https:\/\/ecosourcing24.com\/blog\/grundbegriffe\/","url":"https:\/\/ecosourcing24.com\/blog\/grundbegriffe\/","name":"Grundbegriffe - ECOSOURCING24 Blog","isPartOf":{"@id":"https:\/\/ecosourcing24.com\/blog\/#website"},"datePublished":"2022-11-19T10:25:07+00:00","dateModified":"2022-11-19T10:26:50+00:00","breadcrumb":{"@id":"https:\/\/ecosourcing24.com\/blog\/grundbegriffe\/#breadcrumb"},"inLanguage":"de","potentialAction":[{"@type":"ReadAction","target":["https:\/\/ecosourcing24.com\/blog\/grundbegriffe\/"]}]},{"@type":"BreadcrumbList","@id":"https:\/\/ecosourcing24.com\/blog\/grundbegriffe\/#breadcrumb","itemListElement":[{"@type":"ListItem","position":1,"name":"Startseite","item":"https:\/\/ecosourcing24.com\/blog\/"},{"@type":"ListItem","position":2,"name":"Grundbegriffe"}]},{"@type":"WebSite","@id":"https:\/\/ecosourcing24.com\/blog\/#website","url":"https:\/\/ecosourcing24.com\/blog\/","name":"ECOSOURCING24 Blog","description":"Das nachhaltige Lieferantenverzeichnis","potentialAction":[{"@type":"SearchAction","target":{"@type":"EntryPoint","urlTemplate":"https:\/\/ecosourcing24.com\/blog\/?s={search_term_string}"},"query-input":"required name=search_term_string"}],"inLanguage":"de"}]}},"_links":{"self":[{"href":"https:\/\/ecosourcing24.com\/blog\/wp-json\/wp\/v2\/pages\/71"}],"collection":[{"href":"https:\/\/ecosourcing24.com\/blog\/wp-json\/wp\/v2\/pages"}],"about":[{"href":"https:\/\/ecosourcing24.com\/blog\/wp-json\/wp\/v2\/types\/page"}],"author":[{"embeddable":true,"href":"https:\/\/ecosourcing24.com\/blog\/wp-json\/wp\/v2\/users\/1"}],"replies":[{"embeddable":true,"href":"https:\/\/ecosourcing24.com\/blog\/wp-json\/wp\/v2\/comments?post=71"}],"version-history":[{"count":1,"href":"https:\/\/ecosourcing24.com\/blog\/wp-json\/wp\/v2\/pages\/71\/revisions"}],"predecessor-version":[{"id":72,"href":"https:\/\/ecosourcing24.com\/blog\/wp-json\/wp\/v2\/pages\/71\/revisions\/72"}],"wp:attachment":[{"href":"https:\/\/ecosourcing24.com\/blog\/wp-json\/wp\/v2\/media?parent=71"}],"curies":[{"name":"wp","href":"https:\/\/api.w.org\/{rel}","templated":true}]}}